{"id":12259,"date":"2020-03-28T12:13:46","date_gmt":"2020-03-28T11:13:46","guid":{"rendered":"https:\/\/www.dr-raspaldo.com\/?page_id=12259"},"modified":"2020-04-16T17:38:21","modified_gmt":"2020-04-16T15:38:21","slug":"teleconsultation","status":"publish","type":"page","link":"https:\/\/www.dr-raspaldo.com\/ru\/teleconsultation\/","title":{"rendered":"\u0442\u0435\u043b\u0435\u043a\u043e\u043d\u0441\u0443\u043b\u044c\u0442\u0430\u0446\u0438\u044f"},"content":{"rendered":"<p>[vc_row][vc_column][vc_column_text el_class=&#187;nomSitePage&#187;]<\/p>\n<div style=\"text-align: center;\"><span style=\"font-size: 12pt; color: #808080;\">\u0414\u043e\u043a\u0442\u043e\u0440 \u0420\u0430\u0441\u043f\u0430\u043b\u0434\u043e \u043a\u043e\u0441\u043c\u0435\u0442\u0438\u0447\u0435\u0441\u043a\u0438\u0439 \u0445\u0438\u0440\u0443\u0440\u0433 \u0432 \u0416\u0435\u043d\u0435\u0432\u0435<\/span><\/div>\n<h1 style=\"text-align: center;\">\u0442\u0435\u043b\u0435\u043a\u043e\u043d\u0441\u0443\u043b\u044c\u0442\u0430\u0446\u0438\u044f<\/h1>\n<p>[\/vc_column_text][\/vc_column][\/vc_row][vc_row css=&#187;.vc_custom_1585393663258{background-position: 0 0 !important;background-repeat: no-repeat !important;}&#187;][vc_column][vc_column_text]<img loading=\"lazy\" decoding=\"async\" class=\"alignnone wp-image-12356\" src=\"https:\/\/www.dr-raspaldo.com\/wp-content\/uploads\/t\u00e9l\u00e9-consultation-300x176.jpg\" alt=\"t\u00e9l\u00e9consultation esth\u00e9tique \u00e0 gen\u00e8ve\" width=\"655\" height=\"384\" srcset=\"https:\/\/www.dr-raspaldo.com\/wp-content\/uploads\/t\u00e9l\u00e9-consultation-300x176.jpg 300w, https:\/\/www.dr-raspaldo.com\/wp-content\/uploads\/t\u00e9l\u00e9-consultation-1024x600.jpg 1024w, https:\/\/www.dr-raspaldo.com\/wp-content\/uploads\/t\u00e9l\u00e9-consultation-768x450.jpg 768w, https:\/\/www.dr-raspaldo.com\/wp-content\/uploads\/t\u00e9l\u00e9-consultation.jpg 1146w\" sizes=\"auto, (max-width: 655px) 100vw, 655px\" \/><\/p>\n<h2>\u0417\u0410\u041f\u0418\u0421\u042c \u041d\u0410 \u041e\u041d\u041b\u0410\u0419\u041d \u041a\u041e\u041d\u0421\u0423\u041b\u042c\u0422\u0410\u0426\u0418\u042e<\/h2>\n<h3>\u0414\u043b\u044f \u0447\u0435\u0433\u043e \u043d\u0443\u0436\u043d\u0430 \u0442\u0435\u043b\u0435\u043a\u043e\u043d\u0441\u0443\u043b\u044c\u0442\u0430\u0446\u0438\u044f?<\/h3>\n<p>\u0421 \u043f\u043e\u043c\u043e\u0449\u044c\u044e \u0442\u0435\u043b\u0435\u043a\u043e\u043d\u0441\u0443\u043b\u044c\u0442\u0430\u0446\u0438\u0438 \u043c\u044b \u0441\u0434\u0435\u043b\u0430\u0435\u043c \u0432\u0438\u0434\u0435\u043e\u043a\u043e\u043d\u0444\u0435\u0440\u0435\u043d\u0446\u0438\u044e, \u043f\u0440\u043e\u0430\u043d\u0430\u043b\u0438\u0437\u0438\u0440\u0443\u0435\u043c \u0412\u0430\u0448\u0438 \u0444\u043e\u0442\u043e \u0438 \u0438\u0437\u0443\u0447\u0438\u043c \u0412\u0430\u0448 \u0437\u0430\u043f\u0440\u043e\u0441.<\/p>\n<h3>\u0422\u0415\u041b\u0415\u041a\u041e\u041d\u0421\u0423\u041b\u042c\u0422\u0410\u0426\u0418\u042f \u041d\u0410 \u041f\u0420\u0410\u041a\u0422\u0418\u041a\u0415<\/h3>\n<p>\u041c\u044b \u0443\u0432\u0438\u0434\u0438\u043c\u0441\u044f \u0432 \u0414\u0438\u0440\u0435\u043a\u0442 \u043f\u043e FaceTime, WatsApp vid\u00e9o \u0438\u043b\u0438 Skype, \u0438\u0437\u0443\u0447\u0438\u043c \u0412\u0430\u0448 \u0437\u0430\u043f\u0440\u043e\u0441: \u043a\u043e\u0440\u0440\u0435\u043a\u0442\u0438\u0440\u043e\u0432\u0430\u043d\u0438\u0435 \u0447\u0435\u0440\u0442 \u043b\u0438\u0446\u0430, \u0438\u043d\u044a\u0435\u043a\u0446\u0438\u0438 \u0431\u043e\u0442\u043e\u043a\u0441\u0430, \u0438\u043d\u044a\u0435\u043a\u0446\u0438\u0438 \u0433\u0438\u0430\u043b\u0443\u0440\u043e\u043d\u043e\u0432\u043e\u0439 \u043a\u0438\u0441\u043b\u043e\u0442\u044b, \u0440\u0438\u043d\u043e\u043f\u043b\u0430\u0441\u0442\u0438\u043a\u0430, \u043b\u0438\u0444\u0442\u0438\u043d\u0433, \u0431\u043b\u0435\u0444\u0430\u0440\u043e\u043f\u043b\u0430\u0441\u0442\u0438\u043a\u0430 \u0438 \u0442.\u0434.<br \/>\n\u041e\u0434\u043d\u0430 \u043a\u043e\u043d\u0441\u0443\u043b\u044c\u0442\u0430\u0446\u0438\u044f \u0434\u043b\u0438\u0442\u0441\u044f 20-30 \u043c\u0438\u043d\u0443\u0442 \u0438 \u043c\u043e\u0436\u0435\u0442 \u043f\u0440\u043e\u0438\u0441\u0445\u043e\u0434\u0438\u0442\u044c \u043d\u0430 \u0444\u0440\u0430\u043d\u0446\u0443\u0437\u0441\u043a\u043e\u043c, \u0430\u043d\u0433\u043b\u0438\u0439\u0441\u043a\u043e\u043c \u0440\u0443\u0441\u0441\u043a\u0438\u0439 \u0438\u043b\u0438 \u0438\u0442\u0430\u043b\u044c\u044f\u043d\u0441\u043a\u043e\u043c \u044f\u0437\u044b\u043a\u0430\u0445.<br \/>\n<a href=\"https:\/\/www.skype.com\/en\/get-skype\/\">Download Skype<\/a><br \/>\n<a href=\"https:\/\/support.apple.com\/en-gb\/HT204380\">How to use FaceTime<\/a><\/p>\n<p><strong>\u041f\u0440\u0438\u043c\u0435\u0440\u044b \u0444\u043e\u0442\u043e \u0432 2D:<\/strong>[\/vc_column_text][\/vc_column][\/vc_row][vc_row full_width=&#187;stretch_row_content_no_spaces&#187; css=&#187;.vc_custom_1585393855116{padding-bottom: 50px !important;padding-left: 50px !important;}&#187;][vc_column width=&#187;1\/3&#8243;][vc_column_text]<em>\u041c\u043e\u0434\u0435\u043b\u0438\u0440\u043e\u0432\u0430\u043d\u0438\u0435 \u0445\u0438\u0440\u0443\u0440\u0433\u0438\u0447\u0435\u0441\u043a\u043e\u0439 \u0440\u0438\u043d\u043e\u043f\u043b\u0430\u0441\u0442\u0438\u043a\u0438 (\u0432 \u0444\u0430\u0441).<\/em><\/p>\n<p><img loading=\"lazy\" decoding=\"async\" class=\"alignnone size-medium wp-image-12370\" src=\"https:\/\/www.dr-raspaldo.com\/wp-content\/uploads\/morphing-2D-300x176.jpg\" alt=\"morphing 3D de face\" width=\"300\" height=\"176\" srcset=\"https:\/\/www.dr-raspaldo.com\/wp-content\/uploads\/morphing-2D-300x176.jpg 300w, https:\/\/www.dr-raspaldo.com\/wp-content\/uploads\/morphing-2D-1024x600.jpg 1024w, https:\/\/www.dr-raspaldo.com\/wp-content\/uploads\/morphing-2D-768x450.jpg 768w, https:\/\/www.dr-raspaldo.com\/wp-content\/uploads\/morphing-2D.jpg 1280w\" sizes=\"auto, (max-width: 300px) 100vw, 300px\" \/>[\/vc_column_text][\/vc_column][vc_column width=&#187;1\/3&#8243;][vc_column_text]<em>\u041c\u043e\u0434\u0435\u043b\u0438\u0440\u043e\u0432\u0430\u043d\u0438\u0435 \u0445\u0438\u0440\u0443\u0440\u0433\u0438\u0447\u0435\u0441\u043a\u043e\u0439 \u0440\u0438\u043d\u043e\u043f\u043b\u0430\u0441\u0442\u0438\u043a\u0438 (\u0432 \u043f\u0440\u043e\u0444\u0438\u043b\u044c)<\/em><\/p>\n<p><img loading=\"lazy\" decoding=\"async\" class=\"alignnone size-medium wp-image-12406\" src=\"https:\/\/www.dr-raspaldo.com\/wp-content\/uploads\/morphing-profil-rhinoplastie-300x176.jpg\" alt=\"morphing 2D rhinoplastie\" width=\"300\" height=\"176\" srcset=\"https:\/\/www.dr-raspaldo.com\/wp-content\/uploads\/morphing-profil-rhinoplastie-300x176.jpg 300w, https:\/\/www.dr-raspaldo.com\/wp-content\/uploads\/morphing-profil-rhinoplastie-1024x600.jpg 1024w, https:\/\/www.dr-raspaldo.com\/wp-content\/uploads\/morphing-profil-rhinoplastie-768x450.jpg 768w, https:\/\/www.dr-raspaldo.com\/wp-content\/uploads\/morphing-profil-rhinoplastie.jpg 1280w\" sizes=\"auto, (max-width: 300px) 100vw, 300px\" \/>[\/vc_column_text][\/vc_column][vc_column width=&#187;1\/3&#8243;][vc_column_text]<em>\u041a\u0440\u0430\u0441\u043d\u044b\u043c \u043f\u043e\u043a\u0430\u0437\u0430\u043d\u0430 \u0438\u0437\u043c\u0435\u043d\u0451\u043d\u043d\u0430\u044f \u0437\u043e\u043d\u0430<\/em><\/p>\n<p><img loading=\"lazy\" decoding=\"async\" class=\"alignnone size-medium wp-image-12376\" src=\"https:\/\/www.dr-raspaldo.com\/wp-content\/uploads\/rhino-300x176.jpg\" alt=\"morphing correction du nez\" width=\"300\" height=\"176\" srcset=\"https:\/\/www.dr-raspaldo.com\/wp-content\/uploads\/rhino-300x176.jpg 300w, https:\/\/www.dr-raspaldo.com\/wp-content\/uploads\/rhino-1024x600.jpg 1024w, https:\/\/www.dr-raspaldo.com\/wp-content\/uploads\/rhino-768x450.jpg 768w, https:\/\/www.dr-raspaldo.com\/wp-content\/uploads\/rhino.jpg 1280w\" sizes=\"auto, (max-width: 300px) 100vw, 300px\" \/>[\/vc_column_text][\/vc_column][\/vc_row][vc_row][vc_column][vc_column_text]<\/p>\n<h3>\u0421\u0442\u043e\u0438\u043c\u043e\u0441\u0442\u044c \u0442\u0435\u043b\u0435\u043a\u043e\u043d\u0441\u0443\u043b\u044c\u0442\u0430\u0446\u0438\u0438 :<\/h3>\n<p>\u0422\u0435\u043b\u0435\u043a\u043e\u043d\u0441\u0443\u043b\u044c\u0442\u0430\u0446\u0438\u044f \u0441\u0442\u043e\u0438\u0442 60CHF&nbsp;\u0438 \u0434\u043b\u0438\u0442\u0441\u044f 20-30 \u043c\u0438\u043d\u0443\u0442.<br \/>\n\u041f\u043e\u0442\u043e\u043c \u044d\u0442\u0430 \u0441\u0443\u043c\u043c\u0430 \u0431\u0443\u0434\u0435\u0442 \u0432\u044b\u0447\u0442\u0435\u043d\u0430 \u0438\u0437 \u043e\u0431\u044f\u0437\u0430\u0442\u0435\u043b\u044c\u043d\u043e\u0439 \u043a\u043e\u043d\u0441\u0443\u043b\u044c\u0442\u0430\u0446\u0438\u0438 \u0432 \u043a\u043b\u0438\u043d\u0438\u043a\u0435 \u0441 \u0434\u043e\u043a\u0442\u043e\u0440\u043e\u043c \u0420\u0430\u0441\u043f\u0430\u043b\u044c\u0434\u043e.<br \/>\n\u041e\u043f\u043b\u0430\u0442\u0430 \u043f\u0440\u043e\u0438\u0437\u0432\u043e\u0434\u0438\u0442\u0441\u044f \u0431\u0430\u043d\u043a\u043e\u0432\u0441\u043a\u043e\u0439 \u043a\u0430\u0440\u0442\u043e\u0439. \u0413\u0430\u0440\u0430\u043d\u0442\u0438\u0440\u0443\u0435\u043c 100% \u0431\u0435\u0437\u043e\u043f\u0430\u0441\u043d\u043e\u0441\u0442\u044c.<\/p>\n<h2>\u0420\u0435\u0437\u0435\u0440\u0432\u0430\u0446\u0438\u044f \u0442\u0435\u043b\u0435\u043a\u043e\u043d\u0441\u0443\u043b\u044c\u0442\u0430\u0446\u0438\u0438 :<\/h2>\n<p>\u0414\u043b\u044f \u0440\u0435\u0437\u0435\u0440\u0432\u0430\u0446\u0438\u0438 \u043d\u0430\u0448\u0435\u0439 \u0432\u0441\u0442\u0440\u0435\u0447\u0438 \u043f\u043e FaceTime, WatsApp \u0438\u043b\u0438 Skype \u0443\u043a\u0430\u0436\u0438\u0442\u0435 \u0412\u0430\u0448\u0438 \u043a\u043e\u043e\u0440\u0434\u0438\u043d\u0430\u0442\u044b \u0438 \u0443\u0434\u043e\u0431\u043d\u044b\u0439 \u0434\u043b\u044f \u0412\u0430\u0441 \u0434\u0435\u043d\u044c \u0438 \u0432\u0440\u0435\u043c\u044f, \u0437\u0430\u043f\u043e\u043b\u043d\u0438\u0432 \u043d\u0438\u0436\u0435\u043f\u0440\u0438\u0432\u0435\u0434\u0435\u043d\u043d\u044b\u0439 \u0444\u043e\u0440\u043c\u0443\u043b\u044f\u0440.<br \/>\n\u041c\u044b \u0441 \u0412\u0430\u043c\u0438 \u0441\u0432\u044f\u0436\u0435\u043c\u0441\u044f \u0432 \u0431\u043b\u0438\u0436\u0430\u0439\u0448\u0438\u0435 24 \u0447\u0430\u0441\u0430.<br \/>\n\u041f\u043e\u0441\u043b\u0435 \u043f\u0440\u043e\u0432\u0435\u0434\u0435\u043d\u0438\u044f \u0412\u0430\u0448\u0435\u0433\u043e \u043f\u043b\u0430\u0442\u0435\u0436\u0430, \u0412\u044b \u043f\u043e\u043b\u0443\u0447\u0438\u0442\u0435 \u043e\u0442 \u043d\u0430\u0441 \u043f\u043e\u0434\u0442\u0432\u0435\u0440\u0436\u0434\u0430\u044e\u0449\u0438\u0439 \u043c\u044d\u0439\u043b.&nbsp;\u041d\u0435 \u0441\u0442\u0435\u0441\u043d\u044f\u0439\u0442\u0435\u0441\u044c \u043e\u0431\u0440\u0430\u0449\u0430\u0442\u044c\u0441\u044f \u043a \u043d\u0430\u0448\u0435\u043c\u0443 <a href=\"\/ru\/yuridicheskaya-informaciya\/\">\u044e\u0440\u0438\u0434\u0438\u0447\u0435\u0441\u043a\u043e\u043c\u0443 \u0443\u0432\u0435\u0434\u043e\u043c\u043b\u0435\u043d\u0438\u044e<\/a>.<\/p>\n<p>[\/vc_column_text][vc_column_text]<img loading=\"lazy\" decoding=\"async\" class=\"alignnone wp-image-12295\" src=\"https:\/\/www.dr-raspaldo.com\/wp-content\/uploads\/logo-paiement-securise-stripe-300x145-1.png\" alt=\"\" width=\"240\" height=\"116\">[\/vc_column_text][\/vc_column][\/vc_row]<\/p>\n","protected":false},"excerpt":{"rendered":"<p>[vc_row][vc_column][vc_column_text el_class=&#187;nomSitePage&#187;] \u0414\u043e\u043a\u0442\u043e\u0440 \u0420\u0430\u0441\u043f\u0430\u043b\u0434\u043e \u043a\u043e\u0441\u043c\u0435\u0442\u0438\u0447\u0435\u0441\u043a\u0438\u0439 \u0445\u0438\u0440\u0443\u0440\u0433 \u0432 \u0416\u0435\u043d\u0435\u0432\u0435 \u0442\u0435\u043b\u0435\u043a\u043e\u043d\u0441\u0443\u043b\u044c\u0442\u0430\u0446\u0438\u044f [\/vc_column_text][\/vc_column][\/vc_row][vc_row css=&#187;.vc_custom_1585393663258{background-position: 0 0 !important;background-repeat: no-repeat !important;}&#187;][vc_column][vc_column_text] \u0417\u0410\u041f\u0418\u0421\u042c \u041d\u0410 \u041e\u041d\u041b\u0410\u0419\u041d \u041a\u041e\u041d\u0421\u0423\u041b\u042c\u0422\u0410\u0426\u0418\u042e \u0414\u043b\u044f \u0447\u0435\u0433\u043e \u043d\u0443\u0436\u043d\u0430 \u0442\u0435\u043b\u0435\u043a\u043e\u043d\u0441\u0443\u043b\u044c\u0442\u0430\u0446\u0438\u044f? \u0421 \u043f\u043e\u043c\u043e\u0449\u044c\u044e \u0442\u0435\u043b\u0435\u043a\u043e\u043d\u0441\u0443\u043b\u044c\u0442\u0430\u0446\u0438\u0438 \u043c\u044b \u0441\u0434\u0435\u043b\u0430\u0435\u043c \u0432\u0438\u0434\u0435\u043e\u043a\u043e\u043d\u0444\u0435\u0440\u0435\u043d\u0446\u0438\u044e, \u043f\u0440\u043e\u0430\u043d\u0430\u043b\u0438\u0437\u0438\u0440\u0443\u0435\u043c \u0412\u0430\u0448\u0438 \u0444\u043e\u0442\u043e \u0438 \u0438\u0437\u0443\u0447\u0438\u043c \u0412\u0430\u0448 \u0437\u0430\u043f\u0440\u043e\u0441. \u0422\u0415\u041b\u0415\u041a\u041e\u041d\u0421\u0423\u041b\u042c\u0422\u0410\u0426\u0418\u042f \u041d\u0410 \u041f\u0420\u0410\u041a\u0422\u0418\u041a\u0415 \u041c\u044b \u0443\u0432\u0438\u0434\u0438\u043c\u0441\u044f \u0432 \u0414\u0438\u0440\u0435\u043a\u0442 \u043f\u043e FaceTime, WatsApp vid\u00e9o \u0438\u043b\u0438 Skype, \u0438\u0437\u0443\u0447\u0438\u043c \u0412\u0430\u0448 \u0437\u0430\u043f\u0440\u043e\u0441: \u043a\u043e\u0440\u0440\u0435\u043a\u0442\u0438\u0440\u043e\u0432\u0430\u043d\u0438\u0435 \u0447\u0435\u0440\u0442 [&hellip;]<\/p>\n","protected":false},"author":18,"featured_media":4751,"parent":0,"menu_order":0,"comment_status":"open","ping_status":"open","template":"basic.php","meta":{"ngg_post_thumbnail":0,"footnotes":""},"class_list":["post-12259","page","type-page","status-publish","has-post-thumbnail","hentry"],"_links":{"self":[{"href":"https:\/\/www.dr-raspaldo.com\/ru\/wp-json\/wp\/v2\/pages\/12259","targetHints":{"allow":["GET"]}}],"collection":[{"href":"https:\/\/www.dr-raspaldo.com\/ru\/wp-json\/wp\/v2\/pages"}],"about":[{"href":"https:\/\/www.dr-raspaldo.com\/ru\/wp-json\/wp\/v2\/types\/page"}],"author":[{"embeddable":true,"href":"https:\/\/www.dr-raspaldo.com\/ru\/wp-json\/wp\/v2\/users\/18"}],"replies":[{"embeddable":true,"href":"https:\/\/www.dr-raspaldo.com\/ru\/wp-json\/wp\/v2\/comments?post=12259"}],"version-history":[{"count":0,"href":"https:\/\/www.dr-raspaldo.com\/ru\/wp-json\/wp\/v2\/pages\/12259\/revisions"}],"wp:featuredmedia":[{"embeddable":true,"href":"https:\/\/www.dr-raspaldo.com\/ru\/wp-json\/wp\/v2\/media\/4751"}],"wp:attachment":[{"href":"https:\/\/www.dr-raspaldo.com\/ru\/wp-json\/wp\/v2\/media?parent=12259"}],"curies":[{"name":"wp","href":"https:\/\/api.w.org\/{rel}","templated":true}]}}