{"id":7678,"date":"2018-05-23T14:24:42","date_gmt":"2018-05-23T12:24:42","guid":{"rendered":"https:\/\/www.dr-raspaldo.com\/traitements-chirurgie-esthetique\/traitement-de-la-peau\/radiofrequence\/"},"modified":"2019-05-07T20:04:07","modified_gmt":"2019-05-07T18:04:07","slug":"radioizlucheniye","status":"publish","type":"page","link":"https:\/\/www.dr-raspaldo.com\/ru\/nashi-procedury\/lechenie-kojy\/radioizlucheniye\/","title":{"rendered":"\u0420\u0430\u0434\u0438\u043e\u0438\u0437\u043b\u0443\u0447\u0435\u043d\u0438\u0435"},"content":{"rendered":"<p>[vc_row][vc_column][vc_column_text el_class=&#187;nomSitePage&#187;]<\/p>\n<div style=\"text-align: center;\">\u042d\u0441\u0442\u0435\u0442\u0438\u0447\u0435\u0441\u043a\u0438\u0435 \u043f\u0440\u043e\u0446\u0435\u0434\u0443\u0440\u044b<\/div>\n<h1 style=\"text-align: center;\">\u0420\u0430\u0434\u0438\u043e\u0438\u0437\u043b\u0443\u0447\u0435\u043d\u0438\u0435<\/h1>\n<p>[\/vc_column_text][\/vc_column][\/vc_row][vc_row el_class=&#187;introConsultation&#187;][vc_column][vc_column_text]<\/p>\n<h2 class=\"p1\"><span class=\"s1\"><b>\u0420\u0430\u0437\u0433\u043b\u0430\u0436\u0438\u0432\u0430\u043d\u0438\u0435 \u043c\u043e\u0440\u0449\u0438\u043d \u0440\u0430\u0434\u0438\u043e\u0447\u0430\u0441\u0442\u043e\u0442\u0430\u043c\u0438 \u0432 \u0416\u0435\u043d\u0435\u0432\u0435<\/b><\/span><\/h2>\n<p><img loading=\"lazy\" decoding=\"async\" class=\"alignleft wp-image-2635 size-full\" src=\"https:\/\/www.dr-raspaldo.com\/wp-content\/uploads\/2018\/02\/lumiere-pulsee-IPL.jpg\" alt=\"traitement des rides rel\u00e2chement cutan\u00e9 radiofrequence lampe LED gen\u00e8ve docteur raspaldo\" width=\"215\" height=\"254\" \/><\/p>\n<p class=\"p1\"><span class=\"s1\"><i><em>\u0421\u043e \u0432\u0440\u0435\u043c\u0435\u043d\u0435\u043c, \u0432 \u043d\u0430\u0448\u0435\u0439 \u043a\u043e\u0436\u0435 \u0441\u043d\u0438\u0436\u0430\u0435\u0442\u0441\u044f \u0443\u0440\u043e\u0432\u043d\u044c \u043a\u043e\u043b\u043b\u0430\u0433\u0435\u043d\u0430 \u0438 \u0442\u0435\u0440\u044f\u0435\u0442\u0441\u044f \u0435\u0435 \u044d\u043b\u0430\u0441\u0442\u0438\u0447\u043d\u043e\u0441\u0442\u044c, \u0432 \u0440\u0435\u0437\u0443\u043b\u044c\u0442\u0430\u0442\u0435 \u0447\u0435\u0433\u043e \u043f\u043e\u044f\u0432\u043b\u044f\u044e\u0442\u0441\u044f \u043c\u043e\u0440\u0449\u0438\u043d\u044b.<\/em><\/i>\u00a0<i>\u0420\u0430\u0434\u0438\u043e\u0447\u0430\u0441\u0442\u043e\u0442\u043d\u0430\u044f \u0442\u0435\u0445\u043d\u0438\u043a\u0430, \u043e\u0431\u0435\u0441\u043f\u0435\u0447\u0438\u0432\u0430\u0435\u043c\u0430\u044f \u043f\u0440\u0438\u0445\u043e\u0434\u043e\u043c \u043d\u043e\u0432\u044b\u0445 \u0443\u0441\u0442\u0440\u043e\u0439\u0441\u0442\u0432 \u043f\u043e\u0441\u043b\u0435\u0434\u043d\u0435\u0433\u043e \u043f\u043e\u043a\u043e\u043b\u0435\u043d\u0438\u044f, \u043f\u043e\u0437\u0432\u043e\u043b\u044f\u0435\u0442 \u0441 \u0443\u0432\u0435\u0440\u0435\u043d\u043d\u043e\u0441\u0442\u044c\u044e <\/i><\/span><span class=\"s2\"><b><i>\u0432\u043e\u0437\u0434\u0435\u0439\u0441\u0442\u0432\u043e\u0432\u0430\u0442\u044c \u043d\u0430 \u0443\u043c\u0435\u0440\u0435\u043d\u043d\u043e\u0435 \u043e\u0441\u043b\u0430\u0431\u043b\u0435\u043d\u0438\u0435 \u043a\u043e\u0436\u0438<\/i><\/b><\/span><span class=\"s1\"><i> (\u043e\u0432\u0430\u043b \u043b\u0438\u0446\u0430, \u0449\u0435\u043a\u0438, \u0432\u0435\u043a\u0438 \u0438 \u043c\u043e\u0440\u0449\u0438\u043d\u0438\u0441\u0442\u0430\u044f \u0448\u0435\u044f).<\/i><\/span><\/p>\n<p class=\"p1\"><span class=\"s1\">\u041a\u0430\u043a \u0440\u0430\u0431\u043e\u0442\u0430\u0435\u0442 \u0440\u0430\u0434\u0438\u043e\u0447\u0430\u0441\u0442\u043e\u0442\u043d\u0430\u044f \u0442\u0435\u0445\u043d\u0438\u043a\u0430? <\/span><\/p>\n<p class=\"p1\"><span class=\"s1\">\u041f\u0440\u043e\u0446\u0435\u0441\u0441 \u0437\u0430\u043a\u043b\u044e\u0447\u0430\u0435\u0442\u0441\u044f \u0432 \u0441\u043b\u0435\u0434\u0443\u044e\u0449\u0435\u043c: \u0440\u0430\u0434\u0438\u043e\u0447\u0430\u0441\u0442\u043e\u0442\u043d\u044b\u0435 \u0432\u043e\u043b\u043d\u044b, \u0438\u0437\u043b\u0443\u0447\u0430\u0435\u043c\u044b\u0435 \u0447\u0435\u0440\u0435\u0437 \u043a\u043e\u0436\u0443, \u0432\u044b\u0440\u0430\u0431\u0430\u0442\u044b\u0432\u0430\u044e\u0442 \u0442\u0435\u043f\u043b\u043e \u0432 \u0433\u043b\u0443\u0431\u0438\u043d\u0443 \u0438 \u0441\u0442\u0438\u043c\u0443\u043b\u0438\u0440\u0443\u044e\u0442 \u0441\u0438\u043d\u0442\u0435\u0437 \u043d\u043e\u0432\u043e\u0433\u043e \u043a\u043e\u043b\u043b\u0430\u0433\u0435\u043d\u0430, \u043a\u043e\u0442\u043e\u0440\u044b\u0439, \u0432 \u0441\u0432\u043e\u044e \u043e\u0447\u0435\u0440\u0435\u0434\u044c, \u0432\u043e\u0437\u0434\u0435\u0439\u0441\u0442\u0432\u0443\u0435\u0442 \u043d\u0435\u043f\u043e\u0441\u0440\u0435\u0434\u0441\u0442\u0432\u0435\u043d\u043d\u043e \u043d\u0430<strong> \u0443\u043f\u0440\u0443\u0433\u043e\u0441\u0442\u044c \u043a\u043e\u0436\u0438<\/strong>. \u041a\u0440\u0430\u0442\u043a\u043e\u0441\u0440\u043e\u0447\u043d\u044b\u0435 \u0440\u0435\u0437\u0443\u043b\u044c\u0442\u0430\u0442\u044b \u0445\u043e\u0440\u043e\u0448\u043e \u0432\u0438\u0434\u043d\u044b \u043f\u043e\u0441\u043b\u0435 \u043f\u0440\u043e\u0446\u0435\u0434\u0443\u0440\u044b \u0432 \u0432\u0438\u0434\u0435 \u043d\u0435\u043f\u043e\u0441\u0440\u0435\u0434\u0441\u0442\u0432\u0435\u043d\u043d\u043e\u0433\u043e \u0443\u043a\u0440\u0435\u043f\u043b\u0435\u043d\u0438\u044f \u043a\u043e\u0436\u0438, \u0431\u043e\u043b\u0435\u0435 \u043f\u043e\u0434\u0442\u044f\u043d\u0443\u0442\u043e\u0433\u043e \u043e\u0432\u0430\u043b\u0430 \u043b\u0438\u0446\u0430 \u0438 \u0443\u043c\u0435\u043d\u044c\u0448\u0435\u043d\u043d\u044b\u043c\u0438 \u043c\u043e\u0440\u0449\u0438\u043d\u0430\u043c\u0438.<\/span><\/p>\n<p class=\"p2\"><span class=\"s1\"><b>\u0423\u0441\u0442\u043e\u0439\u0447\u0438\u0432\u0430\u044f \u0431\u043e\u0440\u044c\u0431\u0430 \u0441 \u043f\u0440\u043e\u0432\u0438\u0441\u0430\u044e\u0449\u0435\u0439 \u043a\u043e\u0436\u0435\u0439:<\/b><\/span><\/p>\n<p>\u0420\u0435\u0437\u0443\u043b\u044c\u0442\u0430\u0442\u044b \u0432\u043b\u0438\u044f\u043d\u0438\u044f \u0440\u0430\u0434\u0438\u043e\u0447\u0430\u0441\u0442\u043e\u0442 \u0442\u0430\u043a\u0436\u0435 \u0437\u0430\u043c\u0435\u0442\u043d\u044b \u0441 \u0442\u0435\u0447\u0435\u043d\u0438\u0435\u043c \u0432\u0440\u0435\u043c\u0435\u043d\u0438 \u0438 \u043f\u043e\u044d\u0442\u043e\u043c\u0443 \u043e\u043a\u0430\u0437\u044b\u0432\u0430\u044e\u0442 \u0432\u043b\u0438\u044f\u043d\u0438\u0435 \u043d\u0430 \u043f\u0440\u043e\u0432\u0438\u0441\u0430\u043d\u0438\u0435 \u043a\u043e\u0436\u0438. \u0412 \u0434\u043e\u043b\u0433\u043e\u0441\u0440\u043e\u0447\u043d\u043e\u0439 \u043f\u0435\u0440\u0441\u043f\u0435\u043a\u0442\u0438\u0432\u0435 \u0441\u0442\u0438\u043c\u0443\u043b\u0438\u0440\u043e\u0432\u0430\u043d\u043d\u044b\u0435 \u0444\u0438\u0431\u0440\u043e\u0431\u043b\u0430\u0441\u0442\u044b \u043f\u0440\u043e\u0434\u043e\u043b\u0436\u0430\u044e\u0442 \u0441\u0438\u043d\u0442\u0435\u0437\u0438\u0440\u043e\u0432\u0430\u0442\u044c \u043d\u043e\u0432\u044b\u0439 \u043a\u043e\u043b\u043b\u0430\u0433\u0435\u043d, \u0443\u043a\u0440\u0435\u043f\u043b\u044f\u044f <strong>\u0442\u043e\u043d\u0443\u0441 \u043a\u043e\u0436\u0438<\/strong>. \u041a\u043e\u0436\u0430 \u043f\u043e\u0434\u0442\u044f\u043d\u0443\u0442\u0430, \u043b\u0438\u0446\u043e \u0432\u044b\u0433\u043b\u044f\u0434\u0438\u0442 \u043f\u043e\u043c\u043e\u043b\u043e\u0434\u0435\u0432\u0448\u0438\u043c.<\/p>\n<p class=\"p1\"><span class=\"s1\">\u0412\u043e \u0432\u0440\u0435\u043c\u044f \u0441\u0435\u0430\u043d\u0441\u043e\u0432 \u043e\u0449\u0443\u0449\u0430\u0435\u0442\u0441\u044f \u0434\u043e\u0432\u043e\u043b\u044c\u043d\u043e \u0442\u0435\u0440\u043f\u0438\u043c\u043e\u0435 \u0442\u0435\u043f\u043b\u043e, \u043a\u043e\u0442\u043e\u0440\u043e\u0435 \u043c\u043e\u0436\u0435\u0442 \u0432\u044b\u0437\u0432\u0430\u0442\u044c \u043d\u0435\u043a\u043e\u0442\u043e\u0440\u044b\u0435 \u043f\u043e\u0441\u0442\u0435\u043f\u0435\u043d\u043d\u043e \u0438\u0441\u0447\u0435\u0437\u0430\u044e\u0449\u0438\u0435 \u043f\u0435\u0440\u0435\u0445\u043e\u0434\u043d\u044b\u0435 \u043f\u043e\u043a\u0440\u0430\u0441\u043d\u0435\u043d\u0438\u044f. \u0412 \u0437\u0430\u0432\u0438\u0441\u0438\u043c\u043e\u0441\u0442\u0438 \u043e\u0442 \u043e\u0431\u043b\u0430\u0441\u0442\u0435\u0439, \u043a\u043e\u0442\u043e\u0440\u044b\u0435 \u043d\u0443\u0436\u043d\u043e \u043b\u0435\u0447\u0438\u0442\u044c, \u0440\u0435\u043a\u043e\u043c\u0435\u043d\u0434\u0443\u0435\u0442\u0441\u044f \u043a\u0443\u0440\u0441 \u043e\u0442 3 \u0434\u043e 5 \u0441\u0435\u0430\u043d\u0441\u043e\u0432 \u0441 \u0438\u043d\u0442\u0435\u0440\u0432\u0430\u043b\u0430\u043c\u0438 \u043e\u0442 2 \u0434\u043e 3 \u043d\u0435\u0434\u0435\u043b\u044c, \u0430 \u0437\u0430\u0442\u0435\u043c \u043a\u043e\u043d\u0441\u0443\u043b\u044c\u0442\u0430\u0446\u0438\u0438-\u0441\u043e\u0431\u0435\u0441\u0435\u0434\u043e\u0432\u0430\u043d\u0438\u044f \u043a\u0430\u0436\u0434\u044b\u0435 \u0448\u0435\u0441\u0442\u044c \u043c\u0435\u0441\u044f\u0446\u0435\u0432.<\/span><\/p>\n<p class=\"p3\"><span class=\"s3\">\u041a\u043b\u0438\u043d\u0438\u043a\u0430 IMADERM \u043f\u0440\u0435\u0434\u043b\u0430\u0433\u0430\u0435\u0442 \u0432\u0430\u043c \u044d\u043a\u0441\u043a\u043b\u044e\u0437\u0438\u0432\u043d\u044b\u0435<span class=\"Apple-converted-space\">\u00a0 <\/span><a href=\"https:\/\/www.dr-raspaldo.com\/ru\/nashi-procedury\/lechenie-kojy\/radioizlucheniye\/\"><span class=\"s4\">\u0440\u0430\u0434\u0438\u043e\u0447\u0430\u0441\u0442\u043e\u0442\u043d\u044b\u0435 \u043f\u0440\u043e\u0446\u0435\u0434\u0443\u0440\u044b \u0434\u043b\u044f \u043b\u0435\u0447\u0435\u043d\u0438\u044f \u043c\u043e\u0440\u0449\u0438\u043d.<\/span><\/a><\/span><\/p>\n<p class=\"p4\"><span class=\"s1\">\u0414\u0440\u0443\u0433\u0438\u0435 \u0440\u0430\u0441\u043f\u0440\u043e\u0441\u0442\u0440\u0430\u043d\u0435\u043d\u043d\u044b\u0435 \u043a\u043e\u0441\u043c\u0435\u0442\u0438\u0447\u0435\u0441\u043a\u0438\u0435 \u0434\u0435\u0439\u0441\u0442\u0432\u0438\u044f, \u043f\u0440\u0430\u043a\u0442\u0438\u043a\u0443\u0435\u043c\u044b\u0435 \u0432 \u0416\u0435\u043d\u0435\u0432\u0435 \u0434\u043e\u043a\u0442\u043e\u0440\u043e\u043c \u0420\u0430\u0441\u043f\u0430\u043b\u0434\u043e:<\/span><\/p>\n<p class=\"p5\"><span class=\"s5\"><a href=\"https:\/\/www.dr-raspaldo.com\/ru\/nashi-procedury\/inyekcii-dlya-litsa\/botulinicheskii-toksin\/\">\u0418\u043d\u044a\u0435\u043a\u0446\u0438\u044f \u0431\u043e\u0442\u0443\u043b\u0438\u043d\u0438\u0447\u0435\u0441\u043a\u043e\u0433\u043e \u0442\u043e\u043a\u0441\u0438\u043d\u0430<\/a><\/span><\/p>\n<p class=\"p6\"><span class=\"s1\"><a href=\"https:\/\/www.dr-raspaldo.com\/ru\/nashi-procedury\/rhinoplastika\/prirodnaya-medicinskaya-rinoplastika\/\">\u0421\u0434\u0435\u043b\u0430\u0439\u0442\u0435 \u0441\u0432\u043e\u0439 \u043d\u043e\u0441 \u0435\u0441\u0442\u0435\u0441\u0442\u0432\u0435\u043d\u043d\u044b\u043c \u0441 \u043f\u043e\u043c\u043e\u0449\u044c\u044e \u0438\u043d\u044a\u0435\u043a\u0446\u0438\u0439<\/a><\/span><\/p>\n<p>[\/vc_column_text][\/vc_column][\/vc_row]<\/p>\n","protected":false},"excerpt":{"rendered":"<p>[vc_row][vc_column][vc_column_text el_class=&#187;nomSitePage&#187;] \u042d\u0441\u0442\u0435\u0442\u0438\u0447\u0435\u0441\u043a\u0438\u0435 \u043f\u0440\u043e\u0446\u0435\u0434\u0443\u0440\u044b \u0420\u0430\u0434\u0438\u043e\u0438\u0437\u043b\u0443\u0447\u0435\u043d\u0438\u0435 [\/vc_column_text][\/vc_column][\/vc_row][vc_row el_class=&#187;introConsultation&#187;][vc_column][vc_column_text] \u0420\u0430\u0437\u0433\u043b\u0430\u0436\u0438\u0432\u0430\u043d\u0438\u0435 \u043c\u043e\u0440\u0449\u0438\u043d \u0440\u0430\u0434\u0438\u043e\u0447\u0430\u0441\u0442\u043e\u0442\u0430\u043c\u0438 \u0432 \u0416\u0435\u043d\u0435\u0432\u0435 \u0421\u043e \u0432\u0440\u0435\u043c\u0435\u043d\u0435\u043c, \u0432 \u043d\u0430\u0448\u0435\u0439 \u043a\u043e\u0436\u0435 \u0441\u043d\u0438\u0436\u0430\u0435\u0442\u0441\u044f \u0443\u0440\u043e\u0432\u043d\u044c \u043a\u043e\u043b\u043b\u0430\u0433\u0435\u043d\u0430 \u0438 \u0442\u0435\u0440\u044f\u0435\u0442\u0441\u044f \u0435\u0435 \u044d\u043b\u0430\u0441\u0442\u0438\u0447\u043d\u043e\u0441\u0442\u044c, \u0432 \u0440\u0435\u0437\u0443\u043b\u044c\u0442\u0430\u0442\u0435 \u0447\u0435\u0433\u043e \u043f\u043e\u044f\u0432\u043b\u044f\u044e\u0442\u0441\u044f \u043c\u043e\u0440\u0449\u0438\u043d\u044b.\u00a0\u0420\u0430\u0434\u0438\u043e\u0447\u0430\u0441\u0442\u043e\u0442\u043d\u0430\u044f \u0442\u0435\u0445\u043d\u0438\u043a\u0430, \u043e\u0431\u0435\u0441\u043f\u0435\u0447\u0438\u0432\u0430\u0435\u043c\u0430\u044f \u043f\u0440\u0438\u0445\u043e\u0434\u043e\u043c \u043d\u043e\u0432\u044b\u0445 \u0443\u0441\u0442\u0440\u043e\u0439\u0441\u0442\u0432 \u043f\u043e\u0441\u043b\u0435\u0434\u043d\u0435\u0433\u043e \u043f\u043e\u043a\u043e\u043b\u0435\u043d\u0438\u044f, \u043f\u043e\u0437\u0432\u043e\u043b\u044f\u0435\u0442 \u0441 \u0443\u0432\u0435\u0440\u0435\u043d\u043d\u043e\u0441\u0442\u044c\u044e \u0432\u043e\u0437\u0434\u0435\u0439\u0441\u0442\u0432\u043e\u0432\u0430\u0442\u044c \u043d\u0430 \u0443\u043c\u0435\u0440\u0435\u043d\u043d\u043e\u0435 \u043e\u0441\u043b\u0430\u0431\u043b\u0435\u043d\u0438\u0435 \u043a\u043e\u0436\u0438 (\u043e\u0432\u0430\u043b \u043b\u0438\u0446\u0430, \u0449\u0435\u043a\u0438, \u0432\u0435\u043a\u0438 \u0438 \u043c\u043e\u0440\u0449\u0438\u043d\u0438\u0441\u0442\u0430\u044f \u0448\u0435\u044f). \u041a\u0430\u043a \u0440\u0430\u0431\u043e\u0442\u0430\u0435\u0442 \u0440\u0430\u0434\u0438\u043e\u0447\u0430\u0441\u0442\u043e\u0442\u043d\u0430\u044f \u0442\u0435\u0445\u043d\u0438\u043a\u0430? [&hellip;]<\/p>\n","protected":false},"author":18,"featured_media":4751,"parent":7658,"menu_order":0,"comment_status":"open","ping_status":"open","template":"basic.php","meta":{"ngg_post_thumbnail":0,"footnotes":""},"class_list":["post-7678","page","type-page","status-publish","has-post-thumbnail","hentry"],"_links":{"self":[{"href":"https:\/\/www.dr-raspaldo.com\/ru\/wp-json\/wp\/v2\/pages\/7678","targetHints":{"allow":["GET"]}}],"collection":[{"href":"https:\/\/www.dr-raspaldo.com\/ru\/wp-json\/wp\/v2\/pages"}],"about":[{"href":"https:\/\/www.dr-raspaldo.com\/ru\/wp-json\/wp\/v2\/types\/page"}],"author":[{"embeddable":true,"href":"https:\/\/www.dr-raspaldo.com\/ru\/wp-json\/wp\/v2\/users\/18"}],"replies":[{"embeddable":true,"href":"https:\/\/www.dr-raspaldo.com\/ru\/wp-json\/wp\/v2\/comments?post=7678"}],"version-history":[{"count":0,"href":"https:\/\/www.dr-raspaldo.com\/ru\/wp-json\/wp\/v2\/pages\/7678\/revisions"}],"up":[{"embeddable":true,"href":"https:\/\/www.dr-raspaldo.com\/ru\/wp-json\/wp\/v2\/pages\/7658"}],"wp:featuredmedia":[{"embeddable":true,"href":"https:\/\/www.dr-raspaldo.com\/ru\/wp-json\/wp\/v2\/media\/4751"}],"wp:attachment":[{"href":"https:\/\/www.dr-raspaldo.com\/ru\/wp-json\/wp\/v2\/media?parent=7678"}],"curies":[{"name":"wp","href":"https:\/\/api.w.org\/{rel}","templated":true}]}}